{"id":39,"date":"2018-11-12T04:33:36","date_gmt":"2018-11-12T04:33:36","guid":{"rendered":"https:\/\/coberpack.com\/?page_id=39"},"modified":"2020-07-06T20:39:55","modified_gmt":"2020-07-06T20:39:55","slug":"cotizacion","status":"publish","type":"page","link":"https:\/\/coberpack.com\/?page_id=39","title":{"rendered":"Art\u00edculos no Permitidos"},"content":{"rendered":"\n<ul class=\"wp-block-list\"><li>Animales vivos<\/li><li>Armas de fuego<\/li><li>Art\u00edculos perecederos y de f\u00e1cil descomposici\u00f3n<\/li><li>Bebidas alcoh\u00f3licas<\/li><li>Cualquier tipo de arma blanca<\/li><li>Efectivo, cualquier tipo de moneda nacional o extranjera, incluyendo t\u00edtulos de cr\u00e9dito negociables<\/li><li>Estupefacientes y substancias psicotr\u00f3picas<\/li><li>Explosivos<\/li><li>Gases comprimidos, l\u00edquidos inflamables, materiales oxidantes, materiales pornogr\u00e1ficos<\/li><li>Mercanc\u00eda falsificada denominada como \u201cpirata\u201d<\/li><li>Muestras para laboratorio t\u00f3xicas, peligrosas o de manejo especial<\/li><li>Objetos magn\u00e9ticos<\/li><li>Objetos radioactivos<\/li><li>Pieles y cueros de animales ex\u00f3ticos<\/li><li>Plantas naturales<\/li><li>Refacciones con residuos l\u00edquidos.<\/li><li>S\u00f3lidos inflamables<\/li><li>Vidrio en cualquiera de sus presentaciones<\/li><li>Art\u00edculos t\u00f3xicos, materiales irritantes, sustancias infecciosas y\/o art\u00edculos que puedan da\u00f1ar la estructura del veh\u00edculo o de la aeronave y aquellos que posean otras caracter\u00edsticas inherentes a los arriba en listados<\/li><li>CARGA FR\u00c1GIL: Viaja bajo riesgo del cliente y sin seguro<\/li><li>Artesan\u00edas y accesorios de barro, cer\u00e1mica, cristal, madera y metales<\/li><li>Y todo tipo de material que sufra deformaci\u00f3n bajo presi\u00f3n<\/li><\/ul>\n","protected":false},"excerpt":{"rendered":"<p>Animales vivos Armas de fuego Art\u00edculos perecederos y de f\u00e1cil descomposici\u00f3n Bebidas alcoh\u00f3licas Cualquier tipo de arma blanca Efectivo, cualquier tipo de moneda nacional o extranjera, incluyendo t\u00edtulos de cr\u00e9dito negociables Estupefacientes y substancias psicotr\u00f3picas Explosivos Gases comprimidos, l\u00edquidos inflamables, materiales oxidantes, materiales pornogr\u00e1ficos Mercanc\u00eda falsificada denominada como \u201cpirata\u201d Muestras [&hellip;]<\/p>\n","protected":false},"author":1,"featured_media":0,"parent":0,"menu_order":0,"comment_status":"closed","ping_status":"closed","template":"","meta":{"_joinchat":[],"footnotes":""},"class_list":["post-39","page","type-page","status-publish","hentry"],"_links":{"self":[{"href":"https:\/\/coberpack.com\/index.php?rest_route=\/wp\/v2\/pages\/39"}],"collection":[{"href":"https:\/\/coberpack.com\/index.php?rest_route=\/wp\/v2\/pages"}],"about":[{"href":"https:\/\/coberpack.com\/index.php?rest_route=\/wp\/v2\/types\/page"}],"author":[{"embeddable":true,"href":"https:\/\/coberpack.com\/index.php?rest_route=\/wp\/v2\/users\/1"}],"replies":[{"embeddable":true,"href":"https:\/\/coberpack.com\/index.php?rest_route=%2Fwp%2Fv2%2Fcomments&post=39"}],"version-history":[{"count":4,"href":"https:\/\/coberpack.com\/index.php?rest_route=\/wp\/v2\/pages\/39\/revisions"}],"predecessor-version":[{"id":322,"href":"https:\/\/coberpack.com\/index.php?rest_route=\/wp\/v2\/pages\/39\/revisions\/322"}],"wp:attachment":[{"href":"https:\/\/coberpack.com\/index.php?rest_route=%2Fwp%2Fv2%2Fmedia&parent=39"}],"curies":[{"name":"wp","href":"https:\/\/api.w.org\/{rel}","templated":true}]}}