{"id":325,"date":"2020-07-07T18:21:35","date_gmt":"2020-07-07T18:21:35","guid":{"rendered":"https:\/\/coberpack.com\/?page_id=325"},"modified":"2020-07-07T18:21:36","modified_gmt":"2020-07-07T18:21:36","slug":"como-enviar-alimentos-por-paqueteria","status":"publish","type":"page","link":"https:\/\/coberpack.com\/?page_id=325","title":{"rendered":"\u00bfC\u00f3mo enviar alimentos por paqueter\u00eda?"},"content":{"rendered":"\n<div class=\"wp-block-themeisle-blocks-advanced-columns has-1-columns has-desktop-equal-layout has-tablet-equal-layout has-mobile-equal-layout has-default-gap has-vertical-unset\" id=\"wp-block-themeisle-blocks-advanced-columns-1ce51d9b\"><div class=\"wp-block-themeisle-blocks-advanced-columns-overlay\"><\/div><div class=\"innerblocks-wrap\">\n<div class=\"wp-block-themeisle-blocks-advanced-column\" id=\"wp-block-themeisle-blocks-advanced-column-00006275\">\n<div class=\"wp-block-image\"><figure class=\"aligncenter size-large is-resized\"><img loading=\"lazy\" decoding=\"async\" src=\"https:\/\/coberpack.com\/wp-content\/uploads\/2020\/07\/Recurso-1.png\" alt=\"\" class=\"wp-image-329\" width=\"735\" height=\"271\"\/><\/figure><\/div>\n<\/div>\n<\/div><\/div>\n\n\n\n<h2 class=\"has-text-align-left wp-block-heading\"><strong>1. No es imposible enviar alimentos perecederos por paqueter\u00eda<\/strong><\/h2>\n\n\n\n<p>El env\u00edo de alimentos generalmente est\u00e1 prohibido en algunas paqueter\u00edas, tales como Redpack y Estafeta, pero existen paqueter\u00edas como FedEx, las cuales permiten y facilitan el env\u00edo de alimentos de forma r\u00e1pida y sencilla. Una de las ventajas con FedEx, es que puedes adquirir un&nbsp;<strong>env\u00edo priority<\/strong>, ya que su tipo de entrega es al d\u00eda siguiente antes de las 12 del d\u00eda.<\/p>\n\n\n\n<p>Podr\u00edas pensar que con un&nbsp;<strong>env\u00edo expr\u00e9s<\/strong>&nbsp;de d\u00eda siguiente es m\u00e1s que suficiente, sin embargo, debes tomar en cuenta que un env\u00edo expr\u00e9s se considera de 1 a 2 d\u00edas h\u00e1biles por las paqueter\u00edas, y si entregaras el paquete demasiado tarde en sucursal, es muy probable que la paqueter\u00eda te diga que el env\u00edo llegar\u00e1 hasta el segundo d\u00eda.<\/p>\n\n\n\n<h2 class=\"has-text-align-left wp-block-heading\"><strong>2. Verifica si en el destino hay servicio priority<\/strong><\/h2>\n\n\n\n<p>En la p\u00e1gina de FedEx puedes obtener una tarifa r\u00e1pida para verificar si la ruta de tu env\u00edo tiene disponible el servicio priority o bien, puedes consultarlo directamente en mi env\u00edo al generar tu env\u00edo.<\/p>\n\n\n\n<h2 class=\"has-text-align-left wp-block-heading\"><strong>3. \u00bfQu\u00e9 puedo enviar y cu\u00e1nto?<\/strong><\/h2>\n\n\n\n<p>Algunos de los productos perecederos que puedes enviar con FedEx son:<\/p>\n\n\n\n<p>\u200d<\/p>\n\n\n\n<ul class=\"wp-block-list\"><li>Pan envuelto en bolsas selladas<\/li><li>Salsas envasadas en pl\u00e1stico o metal y totalmente selladas<\/li><li>Quesos que no requieran refrigeraci\u00f3n y empacados al vac\u00edo<\/li><li>Carne seca<\/li><li>Chiles secos en bolsas selladas<\/li><li>Pastas<\/li><li>Alimentos enlatados<\/li><li>Otros alimentos envasados al alto vac\u00edo<\/li><li>Chocolate<\/li><li>Dulces en general<\/li><\/ul>\n\n\n\n<div class=\"wp-block-image\"><figure class=\"aligncenter size-large is-resized\"><img loading=\"lazy\" decoding=\"async\" src=\"https:\/\/coberpack.com\/wp-content\/uploads\/2020\/07\/Captura-de-Pantalla-2020-07-06-a-las-4.05.08-p.m.-1.png\" alt=\"\" class=\"wp-image-335\" width=\"633\" height=\"585\" srcset=\"https:\/\/coberpack.com\/wp-content\/uploads\/2020\/07\/Captura-de-Pantalla-2020-07-06-a-las-4.05.08-p.m.-1.png 536w, https:\/\/coberpack.com\/wp-content\/uploads\/2020\/07\/Captura-de-Pantalla-2020-07-06-a-las-4.05.08-p.m.-1-300x277.png 300w\" sizes=\"(max-width: 633px) 100vw, 633px\" \/><\/figure><\/div>\n\n\n\n<p><\/p>\n\n\n\n<h2 class=\"wp-block-heading\">4. Empaca tus env\u00edos perecederos con refrigerantes en gel<\/h2>\n\n\n\n<p>El envasado de los alimentos es una t\u00e9cnica indispensable para conservar la calidad de los alimentos, reducir al m\u00ednimo su deterioro y limitar el uso de conservadores. Adem\u00e1s, un correcto embalaje, permite contener los alimentos, protegerlos de deterioro qu\u00edmico y f\u00edsico, y proporcionar un medio pr\u00e1ctico para informar a los transportistas sobre el manejo del producto.<\/p>\n\n\n\n<p>Cuando enviamos productos perecederos, es importante considerar que tu producto debe mantenerse a una temperatura adecuada. FedEx nos ayuda con su gu\u00eda de embalaje para perecederos utilizando gel refrigerante.&nbsp;<\/p>\n\n\n\n<h2 class=\"has-text-align-left wp-block-heading\">5. Envasado al vac\u00edo<\/h2>\n\n\n\n<p>El envasado al vac\u00edo es un proceso a trav\u00e9s del cual, retiramos el aire del interior del envase, de forma que conseguimos aumentar el plazo de caducidad de los alimentos. Los productos envasados al vac\u00edo mantienen en perfectas condiciones sus valores nutricionales, textura y sabores, por lo que es la pr\u00e1ctica perfecta para mantener tus env\u00edos perecederos frescos por m\u00e1s tiempo. Al extraer el aire, conseguimos detener la actividad de las bacterias aerobias y su desarrollo, priv\u00e1ndole del ox\u00edgeno.<\/p>\n\n\n\n<p>Existen distintos m\u00e9todos para esta pr\u00e1ctica, el m\u00e1s sencillo es utilizando una m\u00e1quina que envasa al vac\u00edo.<\/p>\n\n\n\n<h2 class=\"wp-block-heading\">6. \u00a1No env\u00edes productos perecederos en viernes!<\/h2>\n\n\n\n<p>Recuerda que las paqueter\u00edas no operan los fines de semana, es importante recordar la regla de oro: no enviar alimentos ni productos urgentes en viernes, ya que estos llegar\u00e1n hasta el lunes de la siguiente semana.<\/p>\n\n\n\n<h2 class=\"wp-block-heading\">7. Considera los d\u00edas festivos<\/h2>\n\n\n\n<p>Es importante revisar el calendario de las paqueter\u00edas antes de realizar un env\u00edo en caso de que en la semana haya d\u00edas festivos. Un ejemplo es el 2 de noviembre, aunque no es un asueto oficial, las paqueter\u00edas no realizan env\u00edos este d\u00eda.<\/p>\n\n\n\n<p>Si quisieras enviar tu producto el 1\u00ba de noviembre para que llegue al d\u00eda siguiente, &nbsp;lamentamos decirte que eso no suceder\u00e1; el 2 de noviembre es un d\u00eda festivo y, por lo tanto, tu env\u00edo llegar\u00e1 hasta el siguiente d\u00eda h\u00e1bil.<\/p>\n","protected":false},"excerpt":{"rendered":"<p>1. No es imposible enviar alimentos perecederos por paqueter\u00eda El env\u00edo de alimentos generalmente est\u00e1 prohibido en algunas paqueter\u00edas, tales como Redpack y Estafeta, pero existen paqueter\u00edas como FedEx, las cuales permiten y facilitan el env\u00edo de alimentos de forma r\u00e1pida y sencilla. Una de las ventajas con FedEx, es [&hellip;]<\/p>\n","protected":false},"author":1,"featured_media":0,"parent":0,"menu_order":0,"comment_status":"closed","ping_status":"closed","template":"page-templates\/template-fullwidth.php","meta":{"_joinchat":[],"footnotes":""},"class_list":["post-325","page","type-page","status-publish","hentry"],"_links":{"self":[{"href":"https:\/\/coberpack.com\/index.php?rest_route=\/wp\/v2\/pages\/325"}],"collection":[{"href":"https:\/\/coberpack.com\/index.php?rest_route=\/wp\/v2\/pages"}],"about":[{"href":"https:\/\/coberpack.com\/index.php?rest_route=\/wp\/v2\/types\/page"}],"author":[{"embeddable":true,"href":"https:\/\/coberpack.com\/index.php?rest_route=\/wp\/v2\/users\/1"}],"replies":[{"embeddable":true,"href":"https:\/\/coberpack.com\/index.php?rest_route=%2Fwp%2Fv2%2Fcomments&post=325"}],"version-history":[{"count":14,"href":"https:\/\/coberpack.com\/index.php?rest_route=\/wp\/v2\/pages\/325\/revisions"}],"predecessor-version":[{"id":343,"href":"https:\/\/coberpack.com\/index.php?rest_route=\/wp\/v2\/pages\/325\/revisions\/343"}],"wp:attachment":[{"href":"https:\/\/coberpack.com\/index.php?rest_route=%2Fwp%2Fv2%2Fmedia&parent=325"}],"curies":[{"name":"wp","href":"https:\/\/api.w.org\/{rel}","templated":true}]}}