{"id":310,"date":"2020-06-30T04:13:22","date_gmt":"2020-06-30T04:13:22","guid":{"rendered":"https:\/\/coberpack.com\/?page_id=310"},"modified":"2020-07-06T20:40:22","modified_gmt":"2020-07-06T20:40:22","slug":"articulos-permitidos","status":"publish","type":"page","link":"https:\/\/coberpack.com\/?page_id=310","title":{"rendered":"Art\u00edculos Permitidos"},"content":{"rendered":"\n<ul class=\"wp-block-list\"><li>Artesan\u00edas.<\/li><li>Art\u00edculos navide\u00f1os.<\/li><li>Audio cassettes.<\/li><li>Celulares.<\/li><li>Computadoras.<\/li><li>Discos compactos, DVD, Blue Ray.<\/li><li>Documentos importantes.<\/li><li>Joyer\u00eda. (P\u00f3liza de seguro obligatoria)<\/li><li>Juguetes.<\/li><li>Libros.<\/li><li>Placas para autom\u00f3viles.<\/li><li>Refacciones para autom\u00f3viles.<\/li><li>Refacciones para maquinaria.<\/li><li>Revistas.<\/li><li>Ropa.<\/li><li>Sombreros.<\/li><li>Uniformes deportivos.<\/li><li>Video cassettes.<\/li><li>Aparatos el\u00e9ctricos<\/li><li>Recuerdos migaj\u00f3n, madera u otro material<\/li><li>Cuadros de fotograf\u00edas y pinturas<\/li><li>Zapatos, botas de piel sint\u00e9tica o corte vacuno solamente.<\/li><\/ul>\n","protected":false},"excerpt":{"rendered":"<p>Artesan\u00edas. Art\u00edculos navide\u00f1os. Audio cassettes. Celulares. Computadoras. Discos compactos, DVD, Blue Ray. Documentos importantes. Joyer\u00eda. (P\u00f3liza de seguro obligatoria) Juguetes. Libros. Placas para autom\u00f3viles. Refacciones para autom\u00f3viles. Refacciones para maquinaria. Revistas. Ropa. Sombreros. Uniformes deportivos. Video cassettes. Aparatos el\u00e9ctricos Recuerdos migaj\u00f3n, madera u otro material Cuadros de fotograf\u00edas y pinturas [&hellip;]<\/p>\n","protected":false},"author":1,"featured_media":0,"parent":0,"menu_order":0,"comment_status":"closed","ping_status":"closed","template":"","meta":{"_joinchat":[],"footnotes":""},"class_list":["post-310","page","type-page","status-publish","hentry"],"_links":{"self":[{"href":"https:\/\/coberpack.com\/index.php?rest_route=\/wp\/v2\/pages\/310"}],"collection":[{"href":"https:\/\/coberpack.com\/index.php?rest_route=\/wp\/v2\/pages"}],"about":[{"href":"https:\/\/coberpack.com\/index.php?rest_route=\/wp\/v2\/types\/page"}],"author":[{"embeddable":true,"href":"https:\/\/coberpack.com\/index.php?rest_route=\/wp\/v2\/users\/1"}],"replies":[{"embeddable":true,"href":"https:\/\/coberpack.com\/index.php?rest_route=%2Fwp%2Fv2%2Fcomments&post=310"}],"version-history":[{"count":2,"href":"https:\/\/coberpack.com\/index.php?rest_route=\/wp\/v2\/pages\/310\/revisions"}],"predecessor-version":[{"id":323,"href":"https:\/\/coberpack.com\/index.php?rest_route=\/wp\/v2\/pages\/310\/revisions\/323"}],"wp:attachment":[{"href":"https:\/\/coberpack.com\/index.php?rest_route=%2Fwp%2Fv2%2Fmedia&parent=310"}],"curies":[{"name":"wp","href":"https:\/\/api.w.org\/{rel}","templated":true}]}}